{"id":69,"date":"2016-02-28T14:37:35","date_gmt":"2016-02-28T14:37:35","guid":{"rendered":"http:\/\/barchtest.nazarkin.su\/?page_id=69"},"modified":"2022-01-29T20:27:48","modified_gmt":"2022-01-29T19:27:48","slug":"front-page","status":"publish","type":"page","link":"https:\/\/villa-gloria-krk.com\/hr\/","title":{"rendered":"Villa Gloria Krk"},"content":{"rendered":"<div class=\"wpb-content-wrapper\"><p>[vc_row css=&#8221;.vc_custom_1459067691377{}&#8221;][vc_column][rev_slider_vc alias=&#8221;naslovnica_villa_gloria&#8221;][\/vc_column][\/vc_row][vc_row full_width=&#8221;stretch_row&#8221; css=&#8221;.vc_custom_1457035661410{padding-top: 80px !important;padding-bottom: 80px !important;background-color: #ffffff !important;}&#8221;][vc_column][vc_custom_heading text=&#8221;Ku\u0107a za odmor&#8221; font_container=&#8221;tag:h1|font_size:36px|text_align:center|color:%23212535|line_height:50px&#8221; use_theme_fonts=&#8221;yes&#8221; css=&#8221;.vc_custom_1552498368294{margin-bottom: 30px !important;}&#8221;][vc_separator color=&#8221;black&#8221; border_width=&#8221;2&#8243; el_width=&#8221;10&#8243; css=&#8221;.vc_custom_1456781324129{margin-bottom: 50px !important;}&#8221;][vc_single_image image=&#8221;1216&#8243; img_size=&#8221;medium&#8221; alignment=&#8221;center&#8221;][vc_custom_heading text=&#8221;Ku\u0107a za odmor <sup>&#x2b50;&#x2b50;&#x2b50;&#x2b50;<\/sup>(140m2) sastoji se od 4 sobe, 4 kupaone, 2 kuhinje i 2 dnevna boravka (dva apartmana sa zajedni\u010dkom terasom veli\u010dine 100 m2 i bazenom dimenzija 6,5 x 3m).&#8221; font_container=&#8221;tag:h2|font_size:24px|text_align:center|color:%23212535|line_height:35px&#8221; use_theme_fonts=&#8221;yes&#8221; css=&#8221;.vc_custom_1553025004136{margin-bottom: 60px !important;}&#8221;][vc_row_inner][vc_column_inner width=&#8221;1\/2&#8243; css=&#8221;.vc_custom_1456829279671{margin-bottom: 30px !important;}&#8221;]<article class=\"wph-portfolio-thumb mp-container tag-villa-gloria style-1 post-122 barch-portfolio type-barch-portfolio status-publish has-post-thumbnail hentry\">\n\n\t<div class=\"ratio-setter\" style=\"margin-top: 60%\"><\/div>\n\t<div class=\"img-bg mp-target\" style=\"background-image: url(https:\/\/villa-gloria-krk.com\/wp-content\/uploads\/2016\/02\/Image-13-za_naslovnicu_rezano-650x408.jpg)\"><\/div>\n\n\t<div class=\"overlay vh-center-js\">\n\t\t<span class=\"tags\">Villa Gloria<\/span>\n\t\t<h1>Ku\u0107a sa 2 apartmana<\/h1>\n\t<\/div>\n\n\t<a href=\"https:\/\/villa-gloria-krk.com\/hr\/work\/kuca-sa-2-apartmana\/\" class=\"link-overlay\">Read more<\/a>\n\n<\/article>[\/vc_column_inner][vc_column_inner width=&#8221;1\/2&#8243; css=&#8221;.vc_custom_1456829284149{margin-bottom: 30px !important;}&#8221;]<article class=\"wph-portfolio-thumb mp-container tag-parking style-1 post-149 barch-portfolio type-barch-portfolio status-publish has-post-thumbnail hentry\">\n\n\t<div class=\"ratio-setter\" style=\"margin-top: 60%\"><\/div>\n\t<div class=\"img-bg mp-target\" style=\"background-image: url(https:\/\/villa-gloria-krk.com\/wp-content\/uploads\/2019\/03\/kuca_dvoriste1-650x433.jpg)\"><\/div>\n\n\t<div class=\"overlay vh-center-js\">\n\t\t<span class=\"tags\">Parking<\/span>\n\t\t<h1>Osigurana parkirna mjesta<\/h1>\n\t<\/div>\n\n\t<a href=\"https:\/\/villa-gloria-krk.com\/hr\/work\/osigurana-parkirna-mjesta\/\" class=\"link-overlay\">Read more<\/a>\n\n<\/article>[\/vc_column_inner][\/vc_row_inner]<article class=\"wph-portfolio-thumb mp-container ratio-wide tag-pogled style-1 post-131 barch-portfolio type-barch-portfolio status-publish has-post-thumbnail hentry\">\n\n\t<div class=\"ratio-setter\" style=\"margin-top: 35%\"><\/div>\n\t<div class=\"img-bg mp-target\" style=\"background-image: url(https:\/\/villa-gloria-krk.com\/wp-content\/uploads\/2016\/03\/Image-14-b.jpg)\"><\/div>\n\n\t<div class=\"overlay vh-center-js\">\n\t\t<span class=\"tags\">Pogled<\/span>\n\t\t<h1>Pogled na \u0161umu i more<\/h1>\n\t<\/div>\n\n\t<a href=\"https:\/\/villa-gloria-krk.com\/hr\/work\/pogled-na-sumu-i-more\/\" class=\"link-overlay\">Read more<\/a>\n\n<\/article>[vc_row_inner css=&#8221;.vc_custom_1457036300057{margin-top: 30px !important;}&#8221;][vc_column_inner css=&#8221;.vc_custom_1456831859936{margin-bottom: 30px !important;}&#8221; offset=&#8221;vc_col-md-4&#8243;]<article class=\"wph-portfolio-thumb mp-container tag-dnevni-boravak style-1 post-144 barch-portfolio type-barch-portfolio status-publish has-post-thumbnail hentry\">\n\n\t<div class=\"ratio-setter\" style=\"margin-top: 100%\"><\/div>\n\t<div class=\"img-bg mp-target\" style=\"background-image: url(https:\/\/villa-gloria-krk.com\/wp-content\/uploads\/2021\/05\/Gloria_Blue_1.28_res-650x487.jpg)\"><\/div>\n\n\t<div class=\"overlay vh-center-js\">\n\t\t<span class=\"tags\">Dnevni boravak<\/span>\n\t\t<h1>Ugodan prostor za dnevni boravak<\/h1>\n\t<\/div>\n\n\t<a href=\"https:\/\/villa-gloria-krk.com\/hr\/work\/ugodan-prostor-za-dnevni-boravak\/\" class=\"link-overlay\">Read more<\/a>\n\n<\/article>[\/vc_column_inner][vc_column_inner css=&#8221;.vc_custom_1456831866922{margin-bottom: 30px !important;}&#8221; offset=&#8221;vc_col-md-4&#8243;]<article class=\"wph-portfolio-thumb mp-container tag-spavaca-soba style-1 post-142 barch-portfolio type-barch-portfolio status-publish has-post-thumbnail hentry\">\n\n\t<div class=\"ratio-setter\" style=\"margin-top: 100%\"><\/div>\n\t<div class=\"img-bg mp-target\" style=\"background-image: url(https:\/\/villa-gloria-krk.com\/wp-content\/uploads\/2019\/08\/Image-6a-650x433.jpg)\"><\/div>\n\n\t<div class=\"overlay vh-center-js\">\n\t\t<span class=\"tags\">Spava\u010da soba<\/span>\n\t\t<h1>Luksuzno ure\u0111ene sobe sa prekrasnim pogledom<\/h1>\n\t<\/div>\n\n\t<a href=\"https:\/\/villa-gloria-krk.com\/hr\/work\/luksuzno-uredene-sobe-sa-prekrasnim-pogledom\/\" class=\"link-overlay\">Read more<\/a>\n\n<\/article>[\/vc_column_inner][vc_column_inner css=&#8221;.vc_custom_1456831875067{margin-bottom: 30px !important;}&#8221; offset=&#8221;vc_col-md-4&#8243;]<article class=\"wph-portfolio-thumb mp-container tag-kuhinja style-1 post-140 barch-portfolio type-barch-portfolio status-publish has-post-thumbnail hentry\">\n\n\t<div class=\"ratio-setter\" style=\"margin-top: 100%\"><\/div>\n\t<div class=\"img-bg mp-target\" style=\"background-image: url(https:\/\/villa-gloria-krk.com\/wp-content\/uploads\/2019\/08\/Image-7a-650x433.jpg)\"><\/div>\n\n\t<div class=\"overlay vh-center-js\">\n\t\t<span class=\"tags\">Kuhinja<\/span>\n\t\t<h1>Nova moderna i funkcionalna kuhinja<\/h1>\n\t<\/div>\n\n\t<a href=\"https:\/\/villa-gloria-krk.com\/hr\/work\/nova-moderna-i-funkcionalna-kuhinja\/\" class=\"link-overlay\">Read more<\/a>\n\n<\/article>[\/vc_column_inner][\/vc_row_inner][\/vc_column][\/vc_row][vc_row full_width=&#8221;stretch_row&#8221; css=&#8221;.vc_custom_1571945042019{padding-top: 80px !important;background-color: #ebebeb !important;}&#8221;][vc_column][vc_custom_heading text=&#8221;Kultura &#8211; priroda &#8211; pla\u017ee&#8221; font_container=&#8221;tag:h1|font_size:36px|text_align:center|color:%23212535|line_height:50px&#8221; use_theme_fonts=&#8221;yes&#8221; css=&#8221;.vc_custom_1552498573872{margin-bottom: 30px !important;}&#8221;][vc_separator color=&#8221;black&#8221; border_width=&#8221;2&#8243; el_width=&#8221;10&#8243; css=&#8221;.vc_custom_1456683340416{margin-bottom: 30px !important;}&#8221;][vc_custom_heading text=&#8221;\u0160to uz more, \u0161to u unutra\u0161njosti, otok Krk isprepleten je \u0161etnicama i biciklisti\u010dkim stazama. Pokrenite svoj avanturisti\u010dki duh i istra\u017eite biciklisti\u010dke staze ili pro\u0161etajte \u0161etnicom uz obalu, udahnite svje\u017ei morski zrak i u\u017eivajte u vizurama, netaknutoj prirodi i predivnim zalascima sunca.&#8221; font_container=&#8221;tag:h2|font_size:24px|text_align:center|color:%23212535|line_height:35px&#8221; use_theme_fonts=&#8221;yes&#8221; css=&#8221;.vc_custom_1552498887559{margin-bottom: 60px !important;}&#8221;][vc_separator color=&#8221;black&#8221; border_width=&#8221;2&#8243; el_width=&#8221;10&#8243; css=&#8221;.vc_custom_1456683340416{margin-bottom: 30px !important;}&#8221;][vc_custom_heading text=&#8221;Izleti brodom&#8221; font_container=&#8221;tag:h1|font_size:36px|text_align:center|color:%23212535|line_height:50px&#8221; use_theme_fonts=&#8221;yes&#8221; link=&#8221;url:https%3A%2F%2Fwww.visitmalinska.com%2Fmalinska-za-sve%2Fmalinska-i-okolica%2Fizleti%2F||target:%20_blank|&#8221;][vc_custom_heading text=&#8221;\u0160pilja Biserujka&#8221; font_container=&#8221;tag:h1|font_size:36px|text_align:center|color:%23212535|line_height:50px&#8221; use_theme_fonts=&#8221;yes&#8221; link=&#8221;url:https%3A%2F%2Fwww.visitmalinska.com%2Fmalinska-za-sve%2Fmalinska-i-okolica%2Fspilja-biserujka%2F||target:%20_blank|&#8221;][vc_custom_heading text=&#8221;Obitelj i djeca&#8221; font_container=&#8221;tag:h1|font_size:36px|text_align:center|color:%23212535|line_height:50px&#8221; use_theme_fonts=&#8221;yes&#8221; link=&#8221;url:https%3A%2F%2Fwww.visitmalinska.com%2Fmalinska-za-sve%2Fobitelj-i-djeca%2F||target:%20_blank|&#8221;][vc_custom_heading text=&#8221;Kalendar doga\u0111anja&#8221; font_container=&#8221;tag:h1|font_size:36px|text_align:center|color:%23212535|line_height:50px&#8221; use_theme_fonts=&#8221;yes&#8221; link=&#8221;url:http%3A%2F%2Fwww.ala-su.com%2Fdogadjanja|title:events|target:%20_blank|&#8221;][vc_separator color=&#8221;black&#8221; border_width=&#8221;2&#8243; el_width=&#8221;10&#8243; css=&#8221;.vc_custom_1456683340416{margin-bottom: 30px !important;}&#8221;][\/vc_column][\/vc_row][vc_row full_width=&#8221;stretch_row_content_no_spaces&#8221; css=&#8221;.vc_custom_1568472446444{padding-bottom: 50px !important;background-color: #ebebeb !important;}&#8221;][vc_column]<div class=\"wph-offscreen-slider \">\n\t<div>\n\t<img decoding=\"async\" src=\"https:\/\/villa-gloria-krk.com\/wp-content\/uploads\/2019\/03\/Bicikl_3-650x433.jpg\" alt=\"Bicikl_3\"\/>\n<\/div><div>\n\t<img decoding=\"async\" src=\"https:\/\/villa-gloria-krk.com\/wp-content\/uploads\/2019\/03\/Pla\u017ea-Maestral-650x434.jpg\" alt=\"Pla\u017ea Maestral\"\/>\n<\/div><div>\n\t<img decoding=\"async\" src=\"https:\/\/villa-gloria-krk.com\/wp-content\/uploads\/2019\/03\/Gastro_2-650x433.jpg\" alt=\"Gastro_2\"\/>\n<\/div><div>\n\t<img decoding=\"async\" src=\"https:\/\/villa-gloria-krk.com\/wp-content\/uploads\/2019\/03\/FK3A5961-650x433.jpg\" alt=\"FK3A5961\"\/>\n<\/div>\n<\/div>[\/vc_column][vc_column][\/vc_column][\/vc_row][vc_row full_width=&#8221;stretch_row&#8221; css=&#8221;.vc_custom_1456764113774{padding-bottom: 80px !important;background-color: #ebebeb !important;}&#8221;][vc_column]<div class=\"wph-button-container  align_center\">\n\n\t<a href=\"http:\/\/villa-gloria-krk.com\/surrounding\/\" target=\"\" class=\"btn btn-primary btn-lg\">Vi\u0161e o okolici<\/a>\n\n<\/div>[\/vc_column][\/vc_row][vc_row full_width=&#8221;stretch_row&#8221; disable_element=&#8221;yes&#8221; css=&#8221;.vc_custom_1552498965123{padding-top: 80px !important;padding-bottom: 50px !important;background-color: #ecf1f4 !important;}&#8221;][vc_column][vc_custom_heading text=&#8221;Our Talented Team&#8221; font_container=&#8221;tag:h1|font_size:36px|text_align:center|color:%23212535|line_height:50px&#8221; use_theme_fonts=&#8221;yes&#8221; css=&#8221;.vc_custom_1457035900265{margin-bottom: 30px !important;}&#8221;][vc_separator color=&#8221;black&#8221; border_width=&#8221;2&#8243; el_width=&#8221;10&#8243; css=&#8221;.vc_custom_1456754099409{margin-bottom: 45px !important;}&#8221;][vc_row_inner][vc_column_inner width=&#8221;1\/2&#8243; css=&#8221;.vc_custom_1456754260013{margin-bottom: 30px !important;}&#8221; offset=&#8221;vc_col-md-3&#8243;]<figure class=\"wph-team-member \">\n\n\t<!-- Photo with overlay -->\n\t<div class=\"photo-container\">\n\t\t<img decoding=\"async\" src=\"https:\/\/villa-gloria-krk.com\/wp-content\/themes\/barch-theme\/public\/images\/placeholder.png\" alt=\"Marcus Holloway\"\/>\n\t\t<div class=\"site-socials\"><a href=\"#\"><i class=\"fa fa-facebook\"><\/i><\/a><a href=\"#\"><i class=\"fa fa-twitter\"><\/i><\/a><a href=\"#\"><i class=\"fa fa-behance\"><\/i><\/a><\/div>\n\t<\/div>\n\n\t<!-- Member name & position -->\n\t<figcaption class=\" has-position\">\n\t\t<div class=\"name\"><span>Marcus Holloway<\/span><\/div>\n\t\t<div class=\"position\"><span>Founder<\/span><\/div>\n\t<\/figcaption>\n\n<\/figure>[\/vc_column_inner][vc_column_inner width=&#8221;1\/2&#8243; css=&#8221;.vc_custom_1456754267832{margin-bottom: 30px !important;}&#8221; offset=&#8221;vc_col-md-3&#8243;]<figure class=\"wph-team-member \">\n\n\t<!-- Photo with overlay -->\n\t<div class=\"photo-container\">\n\t\t<img decoding=\"async\" src=\"https:\/\/villa-gloria-krk.com\/wp-content\/themes\/barch-theme\/public\/images\/placeholder.png\" alt=\"Charlotte Cortez\"\/>\n\t\t<div class=\"site-socials\"><a href=\"#\"><i class=\"fa fa-facebook\"><\/i><\/a><a href=\"#\"><i class=\"fa fa-twitter\"><\/i><\/a><a href=\"#\"><i class=\"fa fa-linkedin\"><\/i><\/a><\/div>\n\t<\/div>\n\n\t<!-- Member name & position -->\n\t<figcaption class=\" has-position\">\n\t\t<div class=\"name\"><span>Charlotte Cortez<\/span><\/div>\n\t\t<div class=\"position\"><span>Senior Architect<\/span><\/div>\n\t<\/figcaption>\n\n<\/figure>[\/vc_column_inner][vc_column_inner width=&#8221;1\/2&#8243; css=&#8221;.vc_custom_1456754274784{margin-bottom: 30px !important;}&#8221; offset=&#8221;vc_col-md-3&#8243;]<figure class=\"wph-team-member \">\n\n\t<!-- Photo with overlay -->\n\t<div class=\"photo-container\">\n\t\t<img decoding=\"async\" src=\"https:\/\/villa-gloria-krk.com\/wp-content\/themes\/barch-theme\/public\/images\/placeholder.png\" alt=\"Noah McCormick\"\/>\n\t\t<div class=\"site-socials\"><a href=\"#\"><i class=\"fa fa-dribbble\"><\/i><\/a><a href=\"#\"><i class=\"fa fa-twitter\"><\/i><\/a><a href=\"#\"><i class=\"fa fa-google-plus\"><\/i><\/a><\/div>\n\t<\/div>\n\n\t<!-- Member name & position -->\n\t<figcaption class=\" has-position\">\n\t\t<div class=\"name\"><span>Noah McCormick<\/span><\/div>\n\t\t<div class=\"position\"><span>Interior Designer<\/span><\/div>\n\t<\/figcaption>\n\n<\/figure>[\/vc_column_inner][vc_column_inner width=&#8221;1\/2&#8243; css=&#8221;.vc_custom_1456754282996{margin-bottom: 30px !important;}&#8221; offset=&#8221;vc_col-md-3&#8243;]<figure class=\"wph-team-member \">\n\n\t<!-- Photo with overlay -->\n\t<div class=\"photo-container\">\n\t\t<img decoding=\"async\" src=\"https:\/\/villa-gloria-krk.com\/wp-content\/themes\/barch-theme\/public\/images\/placeholder.png\" alt=\"Edward Saunders\"\/>\n\t\t<div class=\"site-socials\"><a href=\"#\"><i class=\"fa fa-facebook\"><\/i><\/a><a href=\"#\"><i class=\"fa fa-twitter\"><\/i><\/a><a href=\"#\"><i class=\"fa fa-instagram\"><\/i><\/a><\/div>\n\t<\/div>\n\n\t<!-- Member name & position -->\n\t<figcaption class=\" has-position\">\n\t\t<div class=\"name\"><span>Edward Saunders<\/span><\/div>\n\t\t<div class=\"position\"><span>Landscape Architect<\/span><\/div>\n\t<\/figcaption>\n\n<\/figure>[\/vc_column_inner][\/vc_row_inner][\/vc_column][\/vc_row][vc_row css=&#8221;.vc_custom_1456845657230{padding-top: 80px !important;padding-bottom: 50px !important;}&#8221;][vc_column width=&#8221;1\/2&#8243; css=&#8221;.vc_custom_1457036466092{margin-bottom: 30px !important;}&#8221;][vc_custom_heading text=&#8221;Lokacija&#8221; font_container=&#8221;tag:h1|font_size:36px|text_align:left|color:%23212535|line_height:50px&#8221; use_theme_fonts=&#8221;yes&#8221; css=&#8221;.vc_custom_1552499229216{margin-bottom: 30px !important;}&#8221;][vc_separator color=&#8221;black&#8221; align=&#8221;align_left&#8221; border_width=&#8221;2&#8243; el_width=&#8221;10&#8243; css=&#8221;.vc_custom_1456856483246{margin-bottom: 20px !important;}&#8221;][vc_column_text]Villa Gloria nalazi se na svega 1,7 km udaljenosti od centra Malinske. Prednost lokacije je neposredna blizina prirode (\u0161ume), mir i panoramski pogled na Kvarnerski Zaljev.<\/p>\n<p>Ku\u0107a je smje\u0161tena u blizini glavne ceste koja vodi kroz naselje Kremeni\u0107i, a do same ku\u0107e dolazi se asfaltiranom cestom.<\/p>\n<p>Udaljenosti:<\/p>\n<ul>\n<li>pla\u017ea 1,7 km<\/li>\n<li>trgovina 1 km<\/li>\n<li>trgova\u010dki centri (Cvijet Kvarnera, Plodine, Tommy) 1,6 km<\/li>\n<li>bezinska postaja 1,6 km (Petrol)<\/li>\n<li>ljekarna 1,7 km<\/li>\n<li>centar Malinska 1,7 km (u samom centru se nalaze razni sadr\u017eaji od izleta brodovima, ljetnih koncerata na otvorenom, bogata ponuda restorana, kafi\u0107a, lunapark za djecu, dje\u010dje igrali\u0161te, sportovi na vodi, pla\u017ee, ronila\u010dki klubovi i ostali sadr\u017eaji)<\/li>\n<li>Disco Club Boa Malinska 1,7 km<\/li>\n<li>konji\u010dki klub Njivice 6 km<\/li>\n<\/ul>\n<p>[\/vc_column_text][vc_empty_space][vc_gmaps link=&#8221;#E-8_JTNDaWZyYW1lJTIwc3JjJTNEJTIyaHR0cHMlM0ElMkYlMkZ3d3cuZ29vZ2xlLmNvbSUyRm1hcHMlMkZlbWJlZCUzRnBiJTNEJTIxMW0xOCUyMTFtMTIlMjExbTMlMjExZDk5NTkuNzcxMzQ0NDYxMDc0JTIxMmQxNC41MTgyODg1NTk5Njk1MjIlMjEzZDQ1LjEyMzkxOTcxODA2MDQ5JTIxMm0zJTIxMWYwJTIxMmYwJTIxM2YwJTIxM20yJTIxMWkxMDI0JTIxMmk3NjglMjE0ZjEzLjElMjEzbTMlMjExbTIlMjExczB4NDc2MzZmYTMwYTIwZGNkNSUyNTNBMHhhZTU2MWNmYWU2YjQxODM3JTIxMnNWaWxsYSUyQkdsb3JpYSUyQktyayUyMTVlMCUyMTNtMiUyMTFzaHIlMjEyc2hyJTIxNHYxNTUzMDIzODc2MTQ4JTIyJTIwd2lkdGglM0QlMjI2MDAlMjIlMjBoZWlnaHQlM0QlMjI0NTAlMjIlMjBmcmFtZWJvcmRlciUzRCUyMjAlMjIlMjBzdHlsZSUzRCUyMmJvcmRlciUzQTAlMjIlMjBhbGxvd2Z1bGxzY3JlZW4lM0UlM0MlMkZpZnJhbWUlM0U=&#8221;][\/vc_column][vc_column width=&#8221;1\/2&#8243; css=&#8221;.vc_custom_1456845750672{margin-bottom: 30px !important;}&#8221;][vc_custom_heading text=&#8221;Kontakt&#8221; font_container=&#8221;tag:h1|font_size:36px|text_align:left|color:%23212535|line_height:50px&#8221; use_theme_fonts=&#8221;yes&#8221; css=&#8221;.vc_custom_1552504737954{margin-bottom: 30px !important;}&#8221;][vc_separator color=&#8221;black&#8221; align=&#8221;align_left&#8221; border_width=&#8221;2&#8243; el_width=&#8221;10&#8243; css=&#8221;.vc_custom_1456845782951{margin-bottom: 45px !important;}&#8221;]\n<div class=\"wpcf7 no-js\" id=\"wpcf7-f562-o1\" lang=\"en-US\" dir=\"ltr\" data-wpcf7-id=\"562\">\n<div class=\"screen-reader-response\"><p role=\"status\" aria-live=\"polite\" aria-atomic=\"true\"><\/p> <ul><\/ul><\/div>\n<form action=\"\/hr\/wp-json\/wp\/v2\/pages\/69#wpcf7-f562-o1\" method=\"post\" class=\"wpcf7-form init\" aria-label=\"Contact form\" novalidate=\"novalidate\" data-status=\"init\">\n<fieldset class=\"hidden-fields-container\"><input type=\"hidden\" name=\"_wpcf7\" value=\"562\" \/><input type=\"hidden\" name=\"_wpcf7_version\" value=\"6.1.5\" \/><input type=\"hidden\" name=\"_wpcf7_locale\" value=\"en_US\" \/><input type=\"hidden\" name=\"_wpcf7_unit_tag\" value=\"wpcf7-f562-o1\" \/><input type=\"hidden\" name=\"_wpcf7_container_post\" value=\"0\" \/><input type=\"hidden\" name=\"_wpcf7_posted_data_hash\" value=\"\" \/>\n<\/fieldset>\n<div class=\"form-group mail-name\"><input class=\"wpcf7-form-control wpcf7-text wpcf7-validates-as-required fl-input form-control\" name=\"mail-name\" type=\"text\" value=\"\" placeholder=\"Ime\" aria-invalid=\"false\" aria-required=\"true\" required><\/div>\n\n<div class=\"form-group mail-email\"><input class=\"wpcf7-form-control wpcf7-email wpcf7-validates-as-required wpcf7-text wpcf7-validates-as-email fl-input form-control\" name=\"mail-email\" type=\"email\" value=\"\" placeholder=\"Email\" aria-invalid=\"false\" aria-required=\"true\" required><\/div>\n\n<div class=\"form-group mail-subject\"><input class=\"wpcf7-form-control wpcf7-text fl-input form-control\" name=\"mail-subject\" type=\"text\" value=\"\" placeholder=\"Predmet\" aria-invalid=\"false\"><\/div>\n\n<div class=\"form-group mail-message\"><textarea class=\"wpcf7-form-control wpcf7-textarea fl-input form-control\" name=\"mail-message\" rows=\"4\" placeholder=\"Poruka\" aria-invalid=\"false\"><\/textarea><\/div>\n\n<div class=\"form-group\"><div><input class=\"wpcf7-form-control wpcf7-submit btn-wide btn btn-primary\" type=\"submit\" value=\"Po\u0161alji poruku\"><\/div><\/div><div class=\"wpcf7-response-output alert alert-warning\"><\/div>\n<\/form>\n<\/div>\n[vc_empty_space height=&#8221;75px&#8221;][vc_custom_heading text=&#8221;Instagram&#8221; font_container=&#8221;tag:h1|font_size:36px|text_align:left|color:%23212535|line_height:50px&#8221; use_theme_fonts=&#8221;yes&#8221; css=&#8221;.vc_custom_1553028108310{margin-bottom: 30px !important;}&#8221;][vc_separator color=&#8221;black&#8221; align=&#8221;align_left&#8221; border_width=&#8221;2&#8243; el_width=&#8221;10&#8243; css=&#8221;.vc_custom_1456845782951{margin-bottom: 45px !important;}&#8221;][vc_column_text]\t\t<div id=\"instagram-gallery-feed-2\" class=\"instagram-gallery-feed\" data-feed=\"{&quot;id&quot;:2,&quot;account_id&quot;:&quot;17841411927043947&quot;,&quot;source&quot;:&quot;username&quot;,&quot;tag&quot;:&quot;wordpress&quot;,&quot;order_by&quot;:&quot;top_media&quot;,&quot;layout&quot;:&quot;gallery&quot;,&quot;limit&quot;:6,&quot;columns&quot;:3,&quot;spacing&quot;:10,&quot;lazy&quot;:false,&quot;responsive&quot;:{&quot;desktop&quot;:{&quot;columns&quot;:3,&quot;spacing&quot;:10},&quot;tablet&quot;:{&quot;columns&quot;:2,&quot;spacing&quot;:8},&quot;mobile&quot;:{&quot;columns&quot;:1,&quot;spacing&quot;:6},&quot;breakpoints&quot;:{&quot;tablet&quot;:768,&quot;mobile&quot;:480}},&quot;aspect_ratio&quot;:{&quot;width&quot;:1,&quot;height&quot;:1},&quot;highlight&quot;:{&quot;tag&quot;:&quot;&quot;,&quot;id&quot;:&quot;&quot;,&quot;position&quot;:&quot;1,3,5&quot;},&quot;reel&quot;:{&quot;hide&quot;:false},&quot;copyright&quot;:{&quot;hide&quot;:false,&quot;placeholder&quot;:&quot;&quot;},&quot;profile&quot;:{&quot;display&quot;:false,&quot;username&quot;:&quot;&quot;,&quot;nickname&quot;:&quot;&quot;,&quot;website&quot;:&quot;&quot;,&quot;biography&quot;:&quot;&quot;,&quot;link_text&quot;:&quot;Follow&quot;,&quot;website_text&quot;:&quot;Website&quot;,&quot;avatar&quot;:&quot;&quot;},&quot;box&quot;:{&quot;display&quot;:false,&quot;padding&quot;:1,&quot;radius&quot;:0,&quot;background&quot;:&quot;#fefefe&quot;,&quot;profile&quot;:false,&quot;desc&quot;:&quot;&quot;,&quot;text_color&quot;:&quot;#000000&quot;},&quot;mask&quot;:{&quot;display&quot;:true,&quot;background&quot;:&quot;#000000&quot;,&quot;icon_color&quot;:&quot;#ffffff&quot;,&quot;likes_count&quot;:true,&quot;comments_count&quot;:true},&quot;card&quot;:{&quot;display&quot;:false,&quot;radius&quot;:1,&quot;font_size&quot;:12,&quot;background&quot;:&quot;#ffffff&quot;,&quot;background_hover&quot;:&quot;&quot;,&quot;text_color&quot;:&quot;#000000&quot;,&quot;padding&quot;:5,&quot;likes_count&quot;:true,&quot;text_length&quot;:10,&quot;comments_count&quot;:true,&quot;text_align&quot;:&quot;left&quot;},&quot;carousel&quot;:{&quot;centered_slides&quot;:false,&quot;autoplay&quot;:false,&quot;autoplay_interval&quot;:3000,&quot;navarrows&quot;:true,&quot;navarrows_color&quot;:&quot;&quot;,&quot;pagination&quot;:true,&quot;pagination_color&quot;:&quot;&quot;},&quot;modal&quot;:{&quot;display&quot;:true,&quot;profile&quot;:false,&quot;media_description&quot;:true,&quot;likes_count&quot;:true,&quot;comments_count&quot;:true,&quot;comments_list&quot;:false,&quot;text_align&quot;:&quot;left&quot;,&quot;modal_align&quot;:&quot;right&quot;,&quot;text_length&quot;:10000,&quot;font_size&quot;:12},&quot;button&quot;:{&quot;display&quot;:true,&quot;text&quot;:&quot;View on Instagram&quot;,&quot;text_color&quot;:&quot;#ffff&quot;,&quot;background&quot;:&quot;&quot;,&quot;background_hover&quot;:&quot;&quot;},&quot;button_load&quot;:{&quot;display&quot;:false,&quot;text&quot;:&quot;Load more...&quot;,&quot;text_color&quot;:&quot;#ffff&quot;,&quot;background&quot;:&quot;&quot;,&quot;background_hover&quot;:&quot;&quot;}}\">\n\t\t<!-- <FeedContainer\/> -->\n\t\t<\/div>\n\t\t[\/vc_column_text][\/vc_column][\/vc_row]<\/p>\n<\/div>","protected":false},"excerpt":{"rendered":"<p>[vc_row css=&#8221;.vc_custom_1459067691377{}&#8221;][vc_column][rev_slider_vc alias=&#8221;naslovnica_villa_gloria&#8221;][\/vc_column][\/vc_row][vc_row full_width=&#8221;stretch_row&#8221; css=&#8221;.vc_custom_1457035661410{padding-top: 80px !important;padding-bottom: 80px !important;background-color: #ffffff !important;}&#8221;][vc_column][vc_custom_heading text=&#8221;Ku\u0107a za odmor&#8221; font_container=&#8221;tag:h1|font_size:36px|text_align:center|color:%23212535|line_height:50px&#8221; use_theme_fonts=&#8221;yes&#8221; css=&#8221;.vc_custom_1552498368294{margin-bottom: 30px !important;}&#8221;][vc_separator color=&#8221;black&#8221; border_width=&#8221;2&#8243; el_width=&#8221;10&#8243; css=&#8221;.vc_custom_1456781324129{margin-bottom: 50px !important;}&#8221;][vc_single_image image=&#8221;1216&#8243; img_size=&#8221;medium&#8221; alignment=&#8221;center&#8221;][vc_custom_heading text=&#8221;Ku\u0107a za..<\/p>\n","protected":false},"author":3,"featured_media":0,"parent":0,"menu_order":0,"comment_status":"closed","ping_status":"closed","template":"","meta":{"footnotes":""},"class_list":["post-69","page","type-page","status-publish","hentry"],"_links":{"self":[{"href":"https:\/\/villa-gloria-krk.com\/hr\/wp-json\/wp\/v2\/pages\/69","targetHints":{"allow":["GET"]}}],"collection":[{"href":"https:\/\/villa-gloria-krk.com\/hr\/wp-json\/wp\/v2\/pages"}],"about":[{"href":"https:\/\/villa-gloria-krk.com\/hr\/wp-json\/wp\/v2\/types\/page"}],"author":[{"embeddable":true,"href":"https:\/\/villa-gloria-krk.com\/hr\/wp-json\/wp\/v2\/users\/3"}],"replies":[{"embeddable":true,"href":"https:\/\/villa-gloria-krk.com\/hr\/wp-json\/wp\/v2\/comments?post=69"}],"version-history":[{"count":111,"href":"https:\/\/villa-gloria-krk.com\/hr\/wp-json\/wp\/v2\/pages\/69\/revisions"}],"predecessor-version":[{"id":1290,"href":"https:\/\/villa-gloria-krk.com\/hr\/wp-json\/wp\/v2\/pages\/69\/revisions\/1290"}],"wp:attachment":[{"href":"https:\/\/villa-gloria-krk.com\/hr\/wp-json\/wp\/v2\/media?parent=69"}],"curies":[{"name":"wp","href":"https:\/\/api.w.org\/{rel}","templated":true}]}}