{"id":623,"date":"2019-03-18T21:22:00","date_gmt":"2019-03-18T20:22:00","guid":{"rendered":"http:\/\/villa-gloria-krk.com\/?page_id=623"},"modified":"2022-11-12T18:21:29","modified_gmt":"2022-11-12T17:21:29","slug":"surrounding","status":"publish","type":"page","link":"https:\/\/villa-gloria-krk.com\/hr\/surrounding\/","title":{"rendered":"Okolica"},"content":{"rendered":"<div class=\"wpb-content-wrapper\"><p>[vc_row][vc_column]<div class=\"wph-page-hero \">\n\n\t<!-- Big gray background text -->\n\t<div class=\"background\">\n\t\t<span class=\"fittext wow zoomIn\"\n\t\t\t  data-min-size=\"70\"\n\t\t\t  data-comp-rate=\"0.87\"\n\t\t\t  data-max-size=\"200\">Otok Krk<\/span>\n\t<\/div>\n\n\t<!-- Black small foreground text -->\n\t<div class=\"foreground\">\n\t\t<h1 class=\"fittext wow fadeIn\"\n\t\t\tdata-wow-delay=\"250ms\"\n\t\t\tdata-min-size=\"20\"\n\t\t\tdata-max-size=\"70\"\n\t\t\tdata-comp-rate=\"2.5\">Okolica<\/h1>\n\t<\/div>\n\n<\/div>[\/vc_column][\/vc_row][vc_row full_width=&#8221;stretch_row&#8221; css=&#8221;.vc_custom_1457036247669{padding-top: 80px !important;background-color: #ebebeb !important;}&#8221;][vc_column width=&#8221;1\/4&#8243;][vc_empty_space height=&#8221;64px&#8221;][vc_single_image image=&#8221;753&#8243; img_size=&#8221;large&#8221;][\/vc_column][vc_column width=&#8221;3\/4&#8243;][vc_custom_heading text=&#8221;Biciklizam&#8221; font_container=&#8221;tag:h1|font_size:36px|text_align:center|color:%23212535|line_height:50px&#8221; use_theme_fonts=&#8221;yes&#8221; css=&#8221;.vc_custom_1552941327917{margin-bottom: 30px !important;}&#8221;][vc_separator color=&#8221;black&#8221; border_width=&#8221;2&#8243; el_width=&#8221;10&#8243; css=&#8221;.vc_custom_1456683340416{margin-bottom: 30px !important;}&#8221;][vc_column_text]<\/p>\n<p class=\"vc_custom_heading vc_custom_1552498887559\">Otok Krk isprepleten je \u0161etnicama i biciklisti\u010dkim stazama. Pokrenite svoj avanturisti\u010dki duh i istra\u017eite biciklisti\u010dke staze.<\/p>\n<p><a href=\"https:\/\/www.tz-krk.hr\/hr\/krk-bike-aplikacija\" target=\"_blank\" rel=\"noopener noreferrer\">Turisti\u010dka zajednica Grada Krka<\/a> nudi besplatnu aplikaciju Krk Bike koja omogu\u0107ava:<\/p>\n<ul>\n<li>pretra\u017eivanje biciklisti\u010dkih ruta prema kategorijama, cestovne, MTB i trekking<\/li>\n<li>GPS navigaciju rutama<\/li>\n<li>prona\u0111ite turisti\u010dke informativne centre, informacije o vremenu<\/li>\n<li>u slu\u010daju potrebe kontaktirajte hitne slu\u017ebe<\/li>\n<li>prona\u0111ite lokacije punionica za elektri\u010dna vozila<\/li>\n<\/ul>\n<p><a href=\"https:\/\/play.google.com\/store\/apps\/details?id=hr.molekula.bikekrk&amp;hl=hr\" target=\"_blank\" rel=\"noopener noreferrer\"><img loading=\"lazy\" decoding=\"async\" class=\"size-full wp-image-639 alignleft\" src=\"http:\/\/villa-gloria-krk.com\/wp-content\/uploads\/2019\/03\/Google_Play.jpg\" alt=\"\" width=\"200\" height=\"70\" \/><\/a><a href=\"https:\/\/itunes.apple.com\/hr\/app\/krk-bike\/id1277657646?mt=8\" target=\"_blank\" rel=\"noopener noreferrer\"><img loading=\"lazy\" decoding=\"async\" class=\"size-full wp-image-640 alignnone\" src=\"http:\/\/villa-gloria-krk.com\/wp-content\/uploads\/2019\/03\/App_Store.jpg\" alt=\"\" width=\"200\" height=\"70\" \/><\/a><\/p>\n<p>&nbsp;<\/p>\n<p>[\/vc_column_text][\/vc_column][\/vc_row][vc_row full_width=&#8221;stretch_row&#8221; css=&#8221;.vc_custom_1552941292681{padding-top: 80px !important;background-color: #ffffff !important;}&#8221;][vc_column width=&#8221;1\/4&#8243;][vc_empty_space height=&#8221;64px&#8221;][vc_single_image image=&#8221;738&#8243; img_size=&#8221;large&#8221;][\/vc_column][vc_column width=&#8221;3\/4&#8243;][vc_custom_heading text=&#8221;Kultura&#8221; font_container=&#8221;tag:h1|font_size:36px|text_align:center|color:%23212535|line_height:50px&#8221; use_theme_fonts=&#8221;yes&#8221; css=&#8221;.vc_custom_1553109564078{margin-bottom: 30px !important;}&#8221;][vc_separator color=&#8221;black&#8221; border_width=&#8221;2&#8243; el_width=&#8221;10&#8243; css=&#8221;.vc_custom_1456683340416{margin-bottom: 30px !important;}&#8221;][vc_custom_heading text=&#8221;Tijekom ljetnih mjeseci odr\u017eavaju se razni festivali u samom centru Malinske.<br \/>\nOd zna\u010daja je crkva Sv.Marije Magdalene iz 1480g. u Portu koji se nalazi svega 3km od Malinske. Uz Crkvu se nalazi samostan u kojem je ure\u0111ena muzejska zbirka sa knji\u017enicom.<br \/>\nTako\u0111er, ne smije se zaobi\u0107i niti ranokr\u0161\u010danski crkveni kompleks koji datira iz 5 st., a nalazi se u \u0161umi Cickini u okolici Malinske. Zbirku arheolo\u0161kih nalaza Cickini mo\u017eete vidjeti u mjestu Sv. Vid, udaljenom 700m od ku\u0107e.&#8221; font_container=&#8221;tag:h2|font_size:24px|text_align:center|color:%23212535|line_height:35px&#8221; use_theme_fonts=&#8221;yes&#8221; css=&#8221;.vc_custom_1553190581374{margin-bottom: 60px !important;}&#8221;][vc_custom_heading text=&#8221;&#8221; font_container=&#8221;tag:h2|font_size:24px|text_align:center|color:%23212535|line_height:35px&#8221; use_theme_fonts=&#8221;yes&#8221; css=&#8221;.vc_custom_1553109898218{margin-bottom: 60px !important;}&#8221;][\/vc_column][\/vc_row][vc_row full_width=&#8221;stretch_row&#8221; css=&#8221;.vc_custom_1457036247669{padding-top: 80px !important;background-color: #ebebeb !important;}&#8221;][vc_column width=&#8221;1\/4&#8243;][vc_empty_space height=&#8221;64px&#8221;][vc_single_image image=&#8221;1327&#8243; img_size=&#8221;large&#8221;][\/vc_column][vc_column width=&#8221;3\/4&#8243;][vc_custom_heading text=&#8221;DUBoak \u2013 interpretacijski centar maritimne ba\u0161tine Duba\u0161nica \u2013 Malinska&#8221; font_container=&#8221;tag:h1|font_size:36px|text_align:center|color:%23212535|line_height:50px&#8221; use_theme_fonts=&#8221;yes&#8221; css=&#8221;.vc_custom_1666719896953{margin-bottom: 30px !important;}&#8221;][vc_separator color=&#8221;black&#8221; border_width=&#8221;2&#8243; el_width=&#8221;10&#8243; css=&#8221;.vc_custom_1456683340416{margin-bottom: 30px !important;}&#8221;][vc_custom_heading text=&#8221;Ne propustite posjetiti novi moderno opremljen interpretacijski centar i upoznajte povijest Duba\u0161nice&#8221; font_container=&#8221;tag:h2|font_size:24px|text_align:center|color:%23212535|line_height:35px&#8221; use_theme_fonts=&#8221;yes&#8221; css=&#8221;.vc_custom_1666719875194{margin-bottom: 60px !important;}&#8221;][vc_custom_heading text=&#8221;&#8221; font_container=&#8221;tag:h2|font_size:24px|text_align:center|color:%23212535|line_height:35px&#8221; use_theme_fonts=&#8221;yes&#8221; css=&#8221;.vc_custom_1553110320378{margin-bottom: 60px !important;}&#8221;][\/vc_column][\/vc_row][vc_row full_width=&#8221;stretch_row&#8221; css=&#8221;.vc_custom_1666719803745{padding-top: 80px !important;background-color: #ffffff !important;}&#8221;][vc_column width=&#8221;1\/4&#8243;][vc_empty_space height=&#8221;64px&#8221;][vc_single_image image=&#8221;740&#8243; img_size=&#8221;large&#8221;][\/vc_column][vc_column width=&#8221;3\/4&#8243;][vc_custom_heading text=&#8221;Pla\u017ee&#8221; font_container=&#8221;tag:h1|font_size:36px|text_align:center|color:%23212535|line_height:50px&#8221; use_theme_fonts=&#8221;yes&#8221; css=&#8221;.vc_custom_1553110350749{margin-bottom: 30px !important;}&#8221;][vc_separator color=&#8221;black&#8221; border_width=&#8221;2&#8243; el_width=&#8221;10&#8243; css=&#8221;.vc_custom_1456683340416{margin-bottom: 30px !important;}&#8221;][vc_custom_heading text=&#8221;Malinska nudi bezbroj pla\u017ea od kojih se posebno isti\u010de pla\u017ea Rova, Rajska pla\u017ea, pla\u017ea Rupa i pla\u017ea Malinska.<br \/>\nTu su i neizostavni Beach Bar Mul, te Beach Bar Siesta.&#8221; font_container=&#8221;tag:h2|font_size:24px|text_align:center|color:%23212535|line_height:35px&#8221; use_theme_fonts=&#8221;yes&#8221; css=&#8221;.vc_custom_1553110313337{margin-bottom: 60px !important;}&#8221;][vc_custom_heading text=&#8221;&#8221; font_container=&#8221;tag:h2|font_size:24px|text_align:center|color:%23212535|line_height:35px&#8221; use_theme_fonts=&#8221;yes&#8221; css=&#8221;.vc_custom_1553110320378{margin-bottom: 60px !important;}&#8221;][\/vc_column][\/vc_row][vc_row full_width=&#8221;stretch_row&#8221; css=&#8221;.vc_custom_1666719688281{padding-top: 80px !important;background-color: #ebebeb !important;}&#8221;][vc_column width=&#8221;1\/4&#8243;][vc_empty_space height=&#8221;64px&#8221;][vc_single_image image=&#8221;734&#8243; img_size=&#8221;large&#8221;][\/vc_column][vc_column width=&#8221;3\/4&#8243;][vc_custom_heading text=&#8221;Gastronomija&#8221; font_container=&#8221;tag:h1|font_size:36px|text_align:center|color:%23212535|line_height:50px&#8221; use_theme_fonts=&#8221;yes&#8221; css=&#8221;.vc_custom_1553277431868{margin-bottom: 30px !important;}&#8221;][vc_separator color=&#8221;black&#8221; border_width=&#8221;2&#8243; el_width=&#8221;10&#8243; css=&#8221;.vc_custom_1456683340416{margin-bottom: 30px !important;}&#8221;][vc_custom_heading text=&#8221;Malinska ima brojne autohtone konobe i izvrsne restorane u kojima, u ugodnom oto\u010dnom ozra\u010dju, mo\u017eete u\u017eivati u hrani spravljenoj po autohtonoj recepturi i ku\u0161ati lokalne specijalitete kao \u0161to su: kvarnerski \u0161kamp, kr\u010dke \u0161urlice, kr\u010dki sir, kr\u010dki pr\u0161ut, kvalitetnu ribu, mladu kr\u010dku janjetinu, divlje \u0161paroge, kr\u010dko maslinovo ulje, te \u010duveno autohtono kr\u010dko vino &#8220;Vrbni\u010dka \u017dlahtina&#8220;.&#8221; font_container=&#8221;tag:h2|font_size:24px|text_align:center|color:%23212535|line_height:35px&#8221; use_theme_fonts=&#8221;yes&#8221; css=&#8221;.vc_custom_1553277421617{margin-bottom: 60px !important;}&#8221;][vc_custom_heading text=&#8221;Krk cheese<\/p>\n<p>Family farm Mirjenko Mrakov\u010di\u0107<\/p>\n<p>The production of Krk cheese has been in existence since 1984, when we had only nine sheep in breeding. Today, we are breeding a herd of 150 sheep sheep martins, which mostly concern husband Mirjenko<\/p>\n<p>Address<br \/>\nOPG Mirjenko Mrakov\u010di\u0107<br \/>\n17. travnja 13<br \/>\n51517 Korni\u0107<br \/>\n+385 99 700 2728&#8243; font_container=&#8221;tag:h2|font_size:24px|text_align:center|color:%23212535|line_height:35px&#8221; use_theme_fonts=&#8221;yes&#8221; css=&#8221;.vc_custom_1666719229715{margin-bottom: 60px !important;}&#8221; link=&#8221;url:http%3A%2F%2Fwww.islandkrkfood.com%2F|||&#8221;][vc_gmaps link=&#8221;#E-8_JTNDaWZyYW1lJTIwc3JjJTNEJTIyaHR0cHMlM0ElMkYlMkZ3d3cuZ29vZ2xlLmNvbSUyRm1hcHMlMkZlbWJlZCUzRnBiJTNEJTIxMW0xOCUyMTFtMTIlMjExbTMlMjExZDI4MTguOTk0MDg1ODQ1Mzg4JTIxMmQxNC42MDczMjI2MTU2MDkwMDUlMjEzZDQ1LjA0NTM0MTg3OTA5ODEzJTIxMm0zJTIxMWYwJTIxMmYwJTIxM2YwJTIxM20yJTIxMWkxMDI0JTIxMmk3NjglMjE0ZjEzLjElMjEzbTMlMjExbTIlMjExczB4NDc2MzcxMjRjMzE4Nzg5ZCUyNTNBMHgxYTUwNGY1NDNlNGE2YWZiJTIxMnNPcGclMjUyME1pcmplbmtvJTI1MjBNcmFrb3ZjaWMlMjUyMEtvcm5pYyUyMTVlMCUyMTNtMiUyMTFzaHIlMjEyc2hyJTIxNHYxNTcwMTI1MDE2NDA0JTIxNW0yJTIxMXNociUyMTJzaHIlMjIlMjB3aWR0aCUzRCUyMjYwMCUyMiUyMGhlaWdodCUzRCUyMjQ1MCUyMiUyMGZyYW1lYm9yZGVyJTNEJTIyMCUyMiUyMHN0eWxlJTNEJTIyYm9yZGVyJTNBMCUzQiUyMiUyMGFsbG93ZnVsbHNjcmVlbiUzRCUyMiUyMiUzRSUzQyUyRmlmcmFtZSUzRQ==&#8221; css_animation=&#8221;none&#8221;][vc_custom_heading text=&#8221;House of Krk&#8217;s prosciutto<\/p>\n<p>In the House of Krk&#8217;s prosciutto guests will be able to see a live production of these gastronomic delights, learn about the method of production and specifics of Krk&#8217;s prosciutto, taste and of course buy the products exactly where they&#8217;re product.<\/p>\n<p>Contact<\/p>\n<p>Ku\u0107a kr\u010dkog pr\u0161uta \u017du\u017ei\u0107<br \/>\nowner Vjekoslav \u017du\u017ei\u0107<\/p>\n<p>Address:<br \/>\nVrh &#8211; Bok od Brozi\u0107a 40<br \/>\n51500 Krk<\/p>\n<p>phone: 051\/686 098<br \/>\nmobile: 098 258 123<br \/>\nphone: 051\/220 210<br \/>\nhttps:\/\/www.kuca-krckog-prsuta.com\/&#8221; font_container=&#8221;tag:h2|font_size:24px|text_align:center&#8221; google_fonts=&#8221;font_family:Telex%3Aregular|font_style:400%20regular%3A400%3Anormal&#8221;][vc_gmaps link=&#8221;#E-8_JTNDaWZyYW1lJTIwc3JjJTNEJTIyaHR0cHMlM0ElMkYlMkZ3d3cuZ29vZ2xlLmNvbSUyRm1hcHMlMkZlbWJlZCUzRnBiJTNEJTIxMW0xOCUyMTFtMTIlMjExbTMlMjExZDI4MTguODczOTMyMDYwMzU4JTIxMmQxNC41MjcyMTQ4MTU2MDkwMzclMjEzZDQ1LjA0Nzc4MDA3OTA5ODE3JTIxMm0zJTIxMWYwJTIxMmYwJTIxM2YwJTIxM20yJTIxMWkxMDI0JTIxMmk3NjglMjE0ZjEzLjElMjEzbTMlMjExbTIlMjExczB4NDc2MzZkZDY0MDJkNTY1NSUyNTNBMHhmZTJjMTg5NjYyZWE4ZDU1JTIxMnNLdWNhJTI1MjBLcmNrb2clMjUyMFByc3V0YSUyNTJDJTI1MjBadXppYyUyMTVlMCUyMTNtMiUyMTFzaHIlMjEyc2hyJTIxNHYxNTcwMTI1NDYzMTUyJTIxNW0yJTIxMXNociUyMTJzaHIlMjIlMjB3aWR0aCUzRCUyMjYwMCUyMiUyMGhlaWdodCUzRCUyMjQ1MCUyMiUyMGZyYW1lYm9yZGVyJTNEJTIyMCUyMiUyMHN0eWxlJTNEJTIyYm9yZGVyJTNBMCUzQiUyMiUyMGFsbG93ZnVsbHNjcmVlbiUzRCUyMiUyMiUzRSUzQyUyRmlmcmFtZSUzRQ==&#8221;][\/vc_column][\/vc_row]<\/p>\n<\/div>","protected":false},"excerpt":{"rendered":"<p>[vc_row][vc_column][\/vc_column][\/vc_row][vc_row full_width=&#8221;stretch_row&#8221; css=&#8221;.vc_custom_1457036247669{padding-top: 80px !important;background-color: #ebebeb !important;}&#8221;][vc_column width=&#8221;1\/4&#8243;][vc_empty_space height=&#8221;64px&#8221;][vc_single_image image=&#8221;753&#8243; img_size=&#8221;large&#8221;][\/vc_column][vc_column width=&#8221;3\/4&#8243;][vc_custom_heading text=&#8221;Biciklizam&#8221; font_container=&#8221;tag:h1|font_size:36px|text_align:center|color:%23212535|line_height:50px&#8221; use_theme_fonts=&#8221;yes&#8221; css=&#8221;.vc_custom_1552941327917{margin-bottom: 30px !important;}&#8221;][vc_separator color=&#8221;black&#8221; border_width=&#8221;2&#8243; el_width=&#8221;10&#8243; css=&#8221;.vc_custom_1456683340416{margin-bottom: 30px !important;}&#8221;][vc_column_text] Otok Krk isprepleten je \u0161etnicama i..<\/p>\n","protected":false},"author":3,"featured_media":0,"parent":0,"menu_order":0,"comment_status":"closed","ping_status":"closed","template":"","meta":{"footnotes":""},"class_list":["post-623","page","type-page","status-publish","hentry"],"_links":{"self":[{"href":"https:\/\/villa-gloria-krk.com\/hr\/wp-json\/wp\/v2\/pages\/623","targetHints":{"allow":["GET"]}}],"collection":[{"href":"https:\/\/villa-gloria-krk.com\/hr\/wp-json\/wp\/v2\/pages"}],"about":[{"href":"https:\/\/villa-gloria-krk.com\/hr\/wp-json\/wp\/v2\/types\/page"}],"author":[{"embeddable":true,"href":"https:\/\/villa-gloria-krk.com\/hr\/wp-json\/wp\/v2\/users\/3"}],"replies":[{"embeddable":true,"href":"https:\/\/villa-gloria-krk.com\/hr\/wp-json\/wp\/v2\/comments?post=623"}],"version-history":[{"count":102,"href":"https:\/\/villa-gloria-krk.com\/hr\/wp-json\/wp\/v2\/pages\/623\/revisions"}],"predecessor-version":[{"id":1330,"href":"https:\/\/villa-gloria-krk.com\/hr\/wp-json\/wp\/v2\/pages\/623\/revisions\/1330"}],"wp:attachment":[{"href":"https:\/\/villa-gloria-krk.com\/hr\/wp-json\/wp\/v2\/media?parent=623"}],"curies":[{"name":"wp","href":"https:\/\/api.w.org\/{rel}","templated":true}]}}