{"id":907,"date":"2019-07-13T11:32:03","date_gmt":"2019-07-13T10:32:03","guid":{"rendered":"http:\/\/villa-gloria-krk.com\/?page_id=907"},"modified":"2019-07-15T18:03:47","modified_gmt":"2019-07-15T17:03:47","slug":"recenzije","status":"publish","type":"page","link":"https:\/\/villa-gloria-krk.com\/de\/recenzije\/","title":{"rendered":"Bewertungen"},"content":{"rendered":"<p><div data-wpcr3-content=\"-1\"><div class='wpcr3_respond_1 ' data-ajaxurl='[\"https:||villa-gloria-krk\",\"com|wp-admin|admin-ajax\",\"php?action=wpcr3-ajax\"]' data-on-postid='907'data-postid='-1'><div class=\"wpcr3_reviews_holder\"><div class=\"wpcr3_review_item\"><div class=\"wpcr3_item wpcr3_business\" itemscope itemtype=\"https:\/\/schema.org\/LocalBusiness\"><meta itemprop=\"name\" content=\"Villa Gloria Krk\" \/><meta itemprop=\"url\" content=\"https:\/\/villa-gloria-krk.com\/de\" \/><meta itemprop=\"image\" content=\"https:\/\/villa-gloria-krk.com\/wp-content\/plugins\/wp-customer-reviews\/css\/1x1.png\" \/><div class=\"wpcr3_dotline\"><\/div><div id=\"wpcr3_id_1257\" class=\"wpcr3_review\" itemprop=\"review\" itemscope itemtype=\"https:\/\/schema.org\/Review\"><div class=\"wpcr3_hide\" itemprop=\"author\" itemscope itemtype=\"https:\/\/schema.org\/Person\"><div itemprop=\"name\">Alexandra<\/div><\/div><div class=\"wpcr3_hide\" itemprop=\"reviewRating\" itemscope itemtype=\"https:\/\/schema.org\/Rating\"><meta itemprop=\"bestRating\" content=\"5\" \/><meta itemprop=\"worstRating\" content=\"1\" \/><meta itemprop=\"ratingValue\" content=\"5\" \/><\/div><div class=\"wpcr3_review_ratingValue\"><div class=\"wpcr3_rating_style1\"><div class=\"wpcr3_rating_style1_base \"><div class=\"wpcr3_rating_style1_average\" style=\"width:100%;\"><\/div><\/div><\/div><\/div><div class=\"wpcr3_review_datePublished\" itemprop=\"datePublished\">Aug 30, 2021<\/div><div class=\"wpcr3_review_author\">&nbsp;by&nbsp;<span class=\"wpcr3_caps\">Alexandra<\/span><\/div><div class=\"wpcr3_clear\"><\/div><div class=\"wpcr3_clear\"><\/div><blockquote class=\"wpcr3_content\" itemprop=\"reviewBody\"><p>Super sch\u00f6nes, ruhig gelegenes Haus, nicht weit vom Strand entfernt. Die Wohnung war super eingerichtet. Besonders toll fanden wir die Terasse mit dem tollen Pool.<\/p><\/blockquote><\/div><\/div><\/div><div class=\"wpcr3_review_item\"><div class=\"wpcr3_item wpcr3_business\" itemscope itemtype=\"https:\/\/schema.org\/LocalBusiness\"><meta itemprop=\"name\" content=\"Villa Gloria Krk\" \/><meta itemprop=\"url\" content=\"https:\/\/villa-gloria-krk.com\/de\" \/><meta itemprop=\"image\" content=\"https:\/\/villa-gloria-krk.com\/wp-content\/plugins\/wp-customer-reviews\/css\/1x1.png\" \/><div class=\"wpcr3_dotline\"><\/div><div id=\"wpcr3_id_1207\" class=\"wpcr3_review\" itemprop=\"review\" itemscope itemtype=\"https:\/\/schema.org\/Review\"><div class=\"wpcr3_hide\" itemprop=\"author\" itemscope itemtype=\"https:\/\/schema.org\/Person\"><div itemprop=\"name\">Kurt<\/div><\/div><div class=\"wpcr3_hide\" itemprop=\"reviewRating\" itemscope itemtype=\"https:\/\/schema.org\/Rating\"><meta itemprop=\"bestRating\" content=\"5\" \/><meta itemprop=\"worstRating\" content=\"1\" \/><meta itemprop=\"ratingValue\" content=\"5\" \/><\/div><div class=\"wpcr3_review_ratingValue\"><div class=\"wpcr3_rating_style1\"><div class=\"wpcr3_rating_style1_base \"><div class=\"wpcr3_rating_style1_average\" style=\"width:100%;\"><\/div><\/div><\/div><\/div><div class=\"wpcr3_review_datePublished\" itemprop=\"datePublished\">Oct 27, 2020<\/div><div class=\"wpcr3_review_author\">&nbsp;by&nbsp;<span class=\"wpcr3_caps\">Kurt<\/span><\/div><div class=\"wpcr3_clear\"><\/div><div class=\"wpcr3_clear\"><\/div><blockquote class=\"wpcr3_content\" itemprop=\"reviewBody\"><p>Ein sehr sch\u00f6nes Haus, sehr ruhig, tolle Lage. R\u00e4umlichkeiten sauber und Pool wurde regelm\u00e4\u00dfig gereinigt. Kann ich sehr gerne empfehlen<\/p><\/blockquote><\/div><\/div><\/div><div class=\"wpcr3_review_item\"><div class=\"wpcr3_item wpcr3_business\" itemscope itemtype=\"https:\/\/schema.org\/LocalBusiness\"><meta itemprop=\"name\" content=\"Villa Gloria Krk\" \/><meta itemprop=\"url\" content=\"https:\/\/villa-gloria-krk.com\/de\" \/><meta itemprop=\"image\" content=\"https:\/\/villa-gloria-krk.com\/wp-content\/plugins\/wp-customer-reviews\/css\/1x1.png\" \/><div class=\"wpcr3_dotline\"><\/div><div id=\"wpcr3_id_1196\" class=\"wpcr3_review\" itemprop=\"review\" itemscope itemtype=\"https:\/\/schema.org\/Review\"><div class=\"wpcr3_hide\" itemprop=\"author\" itemscope itemtype=\"https:\/\/schema.org\/Person\"><div itemprop=\"name\">K\u0105dzio\u0142ka<\/div><\/div><div class=\"wpcr3_hide\" itemprop=\"reviewRating\" itemscope itemtype=\"https:\/\/schema.org\/Rating\"><meta itemprop=\"bestRating\" content=\"5\" \/><meta itemprop=\"worstRating\" content=\"1\" \/><meta itemprop=\"ratingValue\" content=\"3\" \/><\/div><div class=\"wpcr3_review_ratingValue\"><div class=\"wpcr3_rating_style1\"><div class=\"wpcr3_rating_style1_base \"><div class=\"wpcr3_rating_style1_average\" style=\"width:60%;\"><\/div><\/div><\/div><\/div><div class=\"wpcr3_review_datePublished\" itemprop=\"datePublished\">Oct 27, 2020<\/div><div class=\"wpcr3_review_author\">&nbsp;by&nbsp;<span class=\"wpcr3_caps\">K\u0105dzio\u0142ka<\/span><\/div><div class=\"wpcr3_clear\"><\/div><div class=\"wpcr3_clear\"><\/div><blockquote class=\"wpcr3_content\" itemprop=\"reviewBody\"><p>Super wakacje. Gospodarze wspaniali. Zawsze s\u0142u\u017cyli pomoc\u0105. Bardzo \u0142adne i dobrze wyposa\u017cone pomieszczenia. Basen czysty, przez ca\u0142y okres pobytu monitorowany przez w\u0142a\u015bcicieli aby by\u0142 w nale\u017cytym stanie. Zadaszony grill robi\u0142 super robot\u0119. Na pewno polecam ten obiekt.<\/p><\/blockquote><\/div><\/div><\/div><div class=\"wpcr3_review_item\"><div class=\"wpcr3_item wpcr3_business\" itemscope itemtype=\"https:\/\/schema.org\/LocalBusiness\"><meta itemprop=\"name\" content=\"Villa Gloria Krk\" \/><meta itemprop=\"url\" content=\"https:\/\/villa-gloria-krk.com\/de\" \/><meta itemprop=\"image\" content=\"https:\/\/villa-gloria-krk.com\/wp-content\/plugins\/wp-customer-reviews\/css\/1x1.png\" \/><div class=\"wpcr3_dotline\"><\/div><div id=\"wpcr3_id_1195\" class=\"wpcr3_review\" itemprop=\"review\" itemscope itemtype=\"https:\/\/schema.org\/Review\"><div class=\"wpcr3_hide\" itemprop=\"author\" itemscope itemtype=\"https:\/\/schema.org\/Person\"><div itemprop=\"name\">David<\/div><\/div><div class=\"wpcr3_hide\" itemprop=\"reviewRating\" itemscope itemtype=\"https:\/\/schema.org\/Rating\"><meta itemprop=\"bestRating\" content=\"5\" \/><meta itemprop=\"worstRating\" content=\"1\" \/><meta itemprop=\"ratingValue\" content=\"5\" \/><\/div><div class=\"wpcr3_review_ratingValue\"><div class=\"wpcr3_rating_style1\"><div class=\"wpcr3_rating_style1_base \"><div class=\"wpcr3_rating_style1_average\" style=\"width:100%;\"><\/div><\/div><\/div><\/div><div class=\"wpcr3_review_datePublished\" itemprop=\"datePublished\">Aug 19, 2020<\/div><div class=\"wpcr3_review_author\">&nbsp;by&nbsp;<span class=\"wpcr3_caps\">David<\/span><\/div><div class=\"wpcr3_clear\"><\/div><div class=\"wpcr3_clear\"><\/div><blockquote class=\"wpcr3_content\" itemprop=\"reviewBody\"><p>Das Haus war sehr gut,alles war sauber.wir haben uns sehr wohl gef\u00fchlt. Der Pool war sehr gepflegt da er 2 mal die Woche gereinigt wurde vom Hausmeister. Er hat v\u00f6llig ausgereicht f\u00fcr uns 9 Personen.es gab einen sehr gro\u00dfen Grill aus Stein in dem wir sehr gerne unser Essen zubereitet haben. Der Vermieter war ein sehr freundlichen Mann,er hat uns links von Bars und Clubs geschickt,welche wir besuchen konnten.er war jederzeit f\u00fcr uns da wenn fragen waren. Leute fahrt einfach dahin und genie\u00dft einen wundersch\u00f6nen preiswerten Urlaub.<\/p><\/blockquote><\/div><\/div><\/div><div class=\"wpcr3_review_item\"><div class=\"wpcr3_item wpcr3_business\" itemscope itemtype=\"https:\/\/schema.org\/LocalBusiness\"><meta itemprop=\"name\" content=\"Villa Gloria Krk\" \/><meta itemprop=\"url\" content=\"https:\/\/villa-gloria-krk.com\/de\" \/><meta itemprop=\"image\" content=\"https:\/\/villa-gloria-krk.com\/wp-content\/plugins\/wp-customer-reviews\/css\/1x1.png\" \/><div class=\"wpcr3_dotline\"><\/div><div id=\"wpcr3_id_1193\" class=\"wpcr3_review\" itemprop=\"review\" itemscope itemtype=\"https:\/\/schema.org\/Review\"><div class=\"wpcr3_hide\" itemprop=\"author\" itemscope itemtype=\"https:\/\/schema.org\/Person\"><div itemprop=\"name\">Martin Buchhammer<\/div><\/div><div class=\"wpcr3_hide\" itemprop=\"reviewRating\" itemscope itemtype=\"https:\/\/schema.org\/Rating\"><meta itemprop=\"bestRating\" content=\"5\" \/><meta itemprop=\"worstRating\" content=\"1\" \/><meta itemprop=\"ratingValue\" content=\"5\" \/><\/div><div class=\"wpcr3_review_ratingValue\"><div class=\"wpcr3_rating_style1\"><div class=\"wpcr3_rating_style1_base \"><div class=\"wpcr3_rating_style1_average\" style=\"width:100%;\"><\/div><\/div><\/div><\/div><div class=\"wpcr3_review_datePublished\" itemprop=\"datePublished\">Aug 18, 2020<\/div><div class=\"wpcr3_review_author\">&nbsp;by&nbsp;<span class=\"wpcr3_caps\">Martin Buchhammer<\/span><\/div><div class=\"wpcr3_clear\"><\/div><div class=\"wpcr3_clear\"><\/div><blockquote class=\"wpcr3_content\" itemprop=\"reviewBody\"><p>Ich war begeistert von dem Haus, top eingerichtet, tolle Lage wundersch\u00f6nes Pool, der Hausbesitzer war so nett und freundlich und hat uns wunderbare Tipps f\u00fcr Str\u00e4nde gegeben... ich kann dieses Haus, den Besitzer, Malinska und die ganze Insel KRK aufs w\u00e4rmste empfehlen...<\/p><\/blockquote><\/div><\/div><\/div><\/div><div data-page-opts=\"{&quot;postid&quot;:-1,&quot;num&quot;:5,&quot;paginate&quot;:1,&quot;perpage&quot;:5,&quot;hidecustom&quot;:0,&quot;snippet&quot;:0,&quot;more&quot;:&quot;&quot;,&quot;showform&quot;:0,&quot;hidereviews&quot;:0,&quot;hideresponse&quot;:0,&quot;morelink&quot;:&quot;&quot;,&quot;showsupport&quot;:0,&quot;wrapper&quot;:1,&quot;classes&quot;:&quot;&quot;,&quot;on_postid&quot;:907,&quot;ajax&quot;:0,&quot;thispage&quot;:1}\" class=\"wpcr3_pagination\"><div class=\"wpcr3_pagination_page\">Page 1 of 2: <\/div><div data-page=\"1\" class=\"wpcr3_a wpcr3_disabled\">&laquo;<\/div>&nbsp;<div data-page=\"1\" class=\"wpcr3_a wpcr3_ls wpcr3_disabled\">&lsaquo;<\/div>&nbsp;<div data-page=\"1\" class=\"wpcr3_a wpcr3_current\">1<\/div><div data-page=\"2\" class=\"wpcr3_a \">2<\/div><div data-page=\"2\" class=\"wpcr3_a wpcr3_rs \">&rsaquo;<\/div>&nbsp;<div data-page=\"2\" class=\"wpcr3_a \">&raquo;<\/div>&nbsp;<\/div><div class=\"wpcr3_clear\"><\/div><\/div><\/div><\/p>","protected":false},"excerpt":{"rendered":"<p>Leider ist der Eintrag nur auf Hrvatski und English verf\u00fcgbar.<\/p>\n","protected":false},"author":3,"featured_media":0,"parent":0,"menu_order":0,"comment_status":"closed","ping_status":"closed","template":"","meta":{"footnotes":""},"class_list":["post-907","page","type-page","status-publish","hentry"],"_links":{"self":[{"href":"https:\/\/villa-gloria-krk.com\/de\/wp-json\/wp\/v2\/pages\/907","targetHints":{"allow":["GET"]}}],"collection":[{"href":"https:\/\/villa-gloria-krk.com\/de\/wp-json\/wp\/v2\/pages"}],"about":[{"href":"https:\/\/villa-gloria-krk.com\/de\/wp-json\/wp\/v2\/types\/page"}],"author":[{"embeddable":true,"href":"https:\/\/villa-gloria-krk.com\/de\/wp-json\/wp\/v2\/users\/3"}],"replies":[{"embeddable":true,"href":"https:\/\/villa-gloria-krk.com\/de\/wp-json\/wp\/v2\/comments?post=907"}],"version-history":[{"count":5,"href":"https:\/\/villa-gloria-krk.com\/de\/wp-json\/wp\/v2\/pages\/907\/revisions"}],"predecessor-version":[{"id":919,"href":"https:\/\/villa-gloria-krk.com\/de\/wp-json\/wp\/v2\/pages\/907\/revisions\/919"}],"wp:attachment":[{"href":"https:\/\/villa-gloria-krk.com\/de\/wp-json\/wp\/v2\/media?parent=907"}],"curies":[{"name":"wp","href":"https:\/\/api.w.org\/{rel}","templated":true}]}}