{"id":703,"date":"2019-03-21T20:27:44","date_gmt":"2019-03-21T19:27:44","guid":{"rendered":"http:\/\/villa-gloria-krk.com\/?page_id=703"},"modified":"2019-07-13T17:55:05","modified_gmt":"2019-07-13T16:55:05","slug":"cjenik","status":"publish","type":"page","link":"https:\/\/villa-gloria-krk.com\/de\/cjenik\/","title":{"rendered":"Preisliste"},"content":{"rendered":"<div class=\"wpb-content-wrapper\"><p>[vc_row][vc_column]<div class=\"wph-page-hero \">\n\n\t<!-- Big gray background text -->\n\t<div class=\"background\">\n\t\t<span class=\"fittext wow zoomIn\"\n\t\t\t  data-min-size=\"70\"\n\t\t\t  data-comp-rate=\"0.87\"\n\t\t\t  data-max-size=\"200\">Villa Gloria<\/span>\n\t<\/div>\n\n\t<!-- Black small foreground text -->\n\t<div class=\"foreground\">\n\t\t<h1 class=\"fittext wow fadeIn\"\n\t\t\tdata-wow-delay=\"250ms\"\n\t\t\tdata-min-size=\"20\"\n\t\t\tdata-max-size=\"70\"\n\t\t\tdata-comp-rate=\"2.5\">Preisliste<\/h1>\n\t<\/div>\n\n<\/div>[\/vc_column][\/vc_row][vc_row][vc_column width=&#8220;1\/4&#8243;][\/vc_column][vc_column width=&#8220;1\/2&#8243;][vc_column_text]<h2 id=\"tablepress-10-name\" class=\"tablepress-table-name tablepress-table-name-id-10\">Anreise\/Abreise<\/h2>\n\n<table id=\"tablepress-10\" class=\"tablepress tablepress-id-10\" aria-labelledby=\"tablepress-10-name\">\n<thead>\n<tr class=\"row-1\">\n\t<th class=\"column-1\">Zeitraum<\/th><th class=\"column-2\">Anreise\/Abreise<\/th><th class=\"column-3\">Min. Mietdauer<\/th>\n<\/tr>\n<\/thead>\n<tbody class=\"row-striping row-hover\">\n<tr class=\"row-2\">\n\t<td class=\"column-1\">29.06.19 - 31.08.19<\/td><td class=\"column-2\">Samstags<\/td><td class=\"column-3\">7 N\u00e4chte<\/td>\n<\/tr>\n<tr class=\"row-3\">\n\t<td class=\"column-1\">31.08.19 - 12.10.19<\/td><td class=\"column-2\">T\u00e4glich<\/td><td class=\"column-3\">7 N\u00e4chte<\/td>\n<\/tr>\n<\/tbody>\n<\/table>\n<!-- #tablepress-10 from cache --><\/p>\n<p>&nbsp;<\/p>\n<h2 id=\"tablepress-11-name\" class=\"tablepress-table-name tablepress-table-name-id-11\">Preise und Zeitr\u00e4ume<\/h2>\n<span id=\"tablepress-11-description\" class=\"tablepress-table-description tablepress-table-description-id-11\">Preise sind pro Appartement und Woche in EUR und beziehen sich auf den genannten Zeitraum<\/span>\n\n<table id=\"tablepress-11\" class=\"tablepress tablepress-id-11 tbody-has-connected-cells\" aria-labelledby=\"tablepress-11-name\" aria-describedby=\"tablepress-11-description\">\n<thead>\n<tr class=\"row-1\">\n\t<th class=\"column-1\">Personen<\/th><th class=\"column-2\">bis 6<\/th><th class=\"column-3\">7-10<\/th>\n<\/tr>\n<\/thead>\n<tbody class=\"row-striping row-hover\">\n<tr class=\"row-2\">\n\t<td class=\"column-1\">Zeitraum<\/td><td colspan=\"2\" class=\"column-2\">Preis (+ zus\u00e4tzliche Kosten)<\/td>\n<\/tr>\n<tr class=\"row-3\">\n\t<td class=\"column-1\">29.06.19 - 13.07.19<\/td><td class=\"column-2\">-<\/td><td class=\"column-3\">2.018<\/td>\n<\/tr>\n<tr class=\"row-4\">\n\t<td class=\"column-1\">13.07.19 - 24.08.19<\/td><td class=\"column-2\">-<\/td><td class=\"column-3\">2.631<\/td>\n<\/tr>\n<tr class=\"row-5\">\n\t<td class=\"column-1\">24.08.19 - 31.08.19<\/td><td class=\"column-2\">-<\/td><td class=\"column-3\">2.018<\/td>\n<\/tr>\n<tr class=\"row-6\">\n\t<td class=\"column-1\">31.08.19 - 14.09.19<\/td><td class=\"column-2\">-<\/td><td class=\"column-3\">1.442<\/td>\n<\/tr>\n<tr class=\"row-7\">\n\t<td class=\"column-1\">14.09.19 - 12.10.19<\/td><td class=\"column-2\">1.081<\/td><td class=\"column-3\">1.226<\/td>\n<\/tr>\n<\/tbody>\n<\/table>\n<!-- #tablepress-11 from cache -->\n<p>&nbsp;<\/p>\n<h2 id=\"tablepress-12-name\" class=\"tablepress-table-name tablepress-table-name-id-12\">Sonderangebot<\/h2>\n\n<table id=\"tablepress-12\" class=\"tablepress tablepress-id-12\" aria-labelledby=\"tablepress-12-name\">\n<thead>\n<tr class=\"row-1\">\n\t<th class=\"column-1\">No.<\/th><th class=\"column-2\">G\u00fcltigkeit<\/th><th class=\"column-3\">Erm\u00e4\u00dfigung<\/th><th class=\"column-4\">Bemerkungen<\/th>\n<\/tr>\n<\/thead>\n<tbody class=\"row-striping row-hover\">\n<tr class=\"row-2\">\n\t<td class=\"column-1\">1<\/td><td class=\"column-2\">29.06.19 - 06.07.19<\/td><td class=\"column-3\">10.00 %  ab 2 Wochen<\/td><td class=\"column-4\"><\/td>\n<\/tr>\n<tr class=\"row-3\">\n\t<td class=\"column-1\">2<\/td><td class=\"column-2\">31.08.19 - 12.10.19<\/td><td class=\"column-3\">10.00 %  ab 2 Wochen<\/td><td class=\"column-4\"><\/td>\n<\/tr>\n<\/tbody>\n<\/table>\n<!-- #tablepress-12 from cache -->\n<p>&nbsp;<\/p>\n<h2 id=\"tablepress-13-name\" class=\"tablepress-table-name tablepress-table-name-id-13\">Nebenkosten (vor Ort zu zahlen)<\/h2>\n\n<table id=\"tablepress-13\" class=\"tablepress tablepress-id-13\" aria-labelledby=\"tablepress-13-name\">\n<thead>\n<tr class=\"row-1\">\n\t<th class=\"column-1\">Nebenkosten (vor Ort zu zahlen):<\/th><th class=\"column-2\">Kurtaxe<\/th>\n<\/tr>\n<\/thead>\n<tbody class=\"row-striping row-hover\">\n<tr class=\"row-2\">\n\t<td class=\"column-1\">Bettw\u00e4sche:<\/td><td class=\"column-2\">Bettw\u00e4sche verf\u00fcgbar; Handt\u00fccher mitzubringen; Bettw\u00e4schewechsel jede 7 Tage<\/td>\n<\/tr>\n<tr class=\"row-3\">\n\t<td class=\"column-1\">Anzahlung:<\/td><td class=\"column-2\">300\u20ac (in Bargeld)<\/td>\n<\/tr>\n<tr class=\"row-4\">\n\t<td class=\"column-1\">Kinderbett\/Hochstuhl:<\/td><td class=\"column-2\"><\/td>\n<\/tr>\n<tr class=\"row-5\">\n\t<td class=\"column-1\">Haustiere:<\/td><td class=\"column-2\">1 Haustier erlaubt; 25\u20ac pro Aufenthalt (nur kleine Haustiere); f\u00fcr mehr Haustiere im voraus fragen!)<\/td>\n<\/tr>\n<\/tbody>\n<\/table>\n<!-- #tablepress-13 from cache -->\n<p>&nbsp;<\/p>\n<p>&nbsp;<\/p>\n<p>[\/vc_column_text][\/vc_column][vc_column width=&#8220;1\/4&#8243;][\/vc_column][\/vc_row]<\/p>\n<\/div>","protected":false},"excerpt":{"rendered":"<p>[vc_row][vc_column][\/vc_column][\/vc_row][vc_row][vc_column width=&#8220;1\/4&#8243;][\/vc_column][vc_column width=&#8220;1\/2&#8243;][vc_column_text] &nbsp; &nbsp; &nbsp; &nbsp; &nbsp; [\/vc_column_text][\/vc_column][vc_column width=&#8220;1\/4&#8243;][\/vc_column][\/vc_row]<\/p>\n","protected":false},"author":3,"featured_media":0,"parent":0,"menu_order":0,"comment_status":"closed","ping_status":"closed","template":"","meta":{"footnotes":""},"class_list":["post-703","page","type-page","status-publish","hentry"],"_links":{"self":[{"href":"https:\/\/villa-gloria-krk.com\/de\/wp-json\/wp\/v2\/pages\/703","targetHints":{"allow":["GET"]}}],"collection":[{"href":"https:\/\/villa-gloria-krk.com\/de\/wp-json\/wp\/v2\/pages"}],"about":[{"href":"https:\/\/villa-gloria-krk.com\/de\/wp-json\/wp\/v2\/types\/page"}],"author":[{"embeddable":true,"href":"https:\/\/villa-gloria-krk.com\/de\/wp-json\/wp\/v2\/users\/3"}],"replies":[{"embeddable":true,"href":"https:\/\/villa-gloria-krk.com\/de\/wp-json\/wp\/v2\/comments?post=703"}],"version-history":[{"count":19,"href":"https:\/\/villa-gloria-krk.com\/de\/wp-json\/wp\/v2\/pages\/703\/revisions"}],"predecessor-version":[{"id":917,"href":"https:\/\/villa-gloria-krk.com\/de\/wp-json\/wp\/v2\/pages\/703\/revisions\/917"}],"wp:attachment":[{"href":"https:\/\/villa-gloria-krk.com\/de\/wp-json\/wp\/v2\/media?parent=703"}],"curies":[{"name":"wp","href":"https:\/\/api.w.org\/{rel}","templated":true}]}}